{"id":180,"date":"2022-05-20T06:16:41","date_gmt":"2022-05-20T06:16:41","guid":{"rendered":"https:\/\/electricidadseal.com\/?page_id=180"},"modified":"2025-04-03T11:49:30","modified_gmt":"2025-04-03T11:49:30","slug":"telecomunicaciones-y-redes","status":"publish","type":"page","link":"https:\/\/electricidadseal.com\/?page_id=180","title":{"rendered":"Telecomunicaciones y Redes"},"content":{"rendered":"<h3><em><strong>\ud83d\udee0\ufe0f <\/strong><\/em><strong>Expertos en Cableado Estructurado y Soluciones Tecnol\u00f3gicas<\/strong><\/h3>\n<p>&nbsp;<\/p>\n<h4>Nos especializamos en todo tipo de trabajos de cableado estructurado, adapt\u00e1ndonos a las necesidades \u00fanicas de cada proyecto, ya sea en hogares, oficinas o entornos industriales.<\/h4>\n<p>&nbsp;<\/p>\n<h4>\ud83d\udcc4 Contamos con un equipo de certificaci\u00f3n profesional, lo que nos permite emitir informes t\u00e9cnicos que aseguran la calidad y confiabilidad de cada instalaci\u00f3n.<\/h4>\n<p>&nbsp;<\/p>\n<h3>\ud83d\udd27 Nuestros servicios incluyen:<\/h3>\n<p>&nbsp;<\/p>\n<h3><strong>\ud83d\udd0c Instalaciones de Cableado Estructurado<\/strong><\/h3>\n<h4>Ofrecemos soluciones integrales para redes de datos, voz y comunicaciones, garantizando un rendimiento \u00f3ptimo, orden y escalabilidad.<\/h4>\n<p>&nbsp;<\/p>\n<h3><strong>\ud83c\udf10 Trabajos en Fibra \u00d3ptica<\/strong><\/h3>\n<h4>Realizamos fusi\u00f3n, conectorizaci\u00f3n, canalizaci\u00f3n y certificaci\u00f3n de enlaces \u00f3pticos, siempre cumpliendo con los m\u00e1s altos est\u00e1ndares de calidad.<\/h4>\n<p>&nbsp;<\/p>\n<h3><strong>\ud83d\udd0a Instalaciones de Sonido Profesional<\/strong><\/h3>\n<h4>Implementamos sistemas de megafon\u00eda, sonido ambiental y avisos por zonas, adaptados a todo tipo de espacios.<\/h4>\n<p>&nbsp;<\/p>\n<h3><strong>\ud83d\udcf9 Videoporteros y Control de Accesos<\/strong><\/h3>\n<h4>Instalamos sistemas avanzados de intercomunicaci\u00f3n, apertura remota, reconocimiento facial y control a trav\u00e9s de aplicaciones.<\/h4>\n<p>&nbsp;<\/p>\n<h3><strong>\ud83c\udfa5 Circuito Cerrado de Televisi\u00f3n (CCTV)<\/strong><\/h3>\n<h4>Dise\u00f1amos y montamos sistemas de videovigilancia, con opciones de grabaci\u00f3n local o en la nube, visi\u00f3n remota y an\u00e1lisis de v\u00eddeo<\/h4>\n<p>&nbsp;<\/p>\n<p><img loading=\"lazy\" decoding=\"async\" class=\"alignnone wp-image-181 size-full\" src=\"https:\/\/electricidadseal.com\/wp-content\/uploads\/2022\/05\/working-on-cell-tower-cellular-tower-workers-thumbnail.jpg\" alt=\"\" width=\"481\" height=\"320\" srcset=\"https:\/\/electricidadseal.com\/wp-content\/uploads\/2022\/05\/working-on-cell-tower-cellular-tower-workers-thumbnail.jpg 481w, https:\/\/electricidadseal.com\/wp-content\/uploads\/2022\/05\/working-on-cell-tower-cellular-tower-workers-thumbnail-300x200.jpg 300w\" sizes=\"auto, (max-width: 481px) 100vw, 481px\" \/><\/p>\n","protected":false},"excerpt":{"rendered":"<p>\ud83d\udee0\ufe0f Expertos en Cableado Estructurado y Soluciones Tecnol\u00f3gicas &nbsp; Nos especializamos en todo tipo de trabajos de cableado estructurado, adapt\u00e1ndonos a las necesidades \u00fanicas de cada proyecto, ya sea en hogares, oficinas o entornos industriales. &nbsp; \ud83d\udcc4 Contamos con un equipo de certificaci\u00f3n profesional, lo que nos permite emitir informes t\u00e9cnicos que aseguran la calidad [&hellip;]<\/p>\n","protected":false},"author":1,"featured_media":0,"parent":0,"menu_order":0,"comment_status":"closed","ping_status":"closed","template":"","meta":{"footnotes":""},"class_list":["post-180","page","type-page","status-publish","hentry"],"_links":{"self":[{"href":"https:\/\/electricidadseal.com\/index.php?rest_route=\/wp\/v2\/pages\/180","targetHints":{"allow":["GET"]}}],"collection":[{"href":"https:\/\/electricidadseal.com\/index.php?rest_route=\/wp\/v2\/pages"}],"about":[{"href":"https:\/\/electricidadseal.com\/index.php?rest_route=\/wp\/v2\/types\/page"}],"author":[{"embeddable":true,"href":"https:\/\/electricidadseal.com\/index.php?rest_route=\/wp\/v2\/users\/1"}],"replies":[{"embeddable":true,"href":"https:\/\/electricidadseal.com\/index.php?rest_route=%2Fwp%2Fv2%2Fcomments&post=180"}],"version-history":[{"count":5,"href":"https:\/\/electricidadseal.com\/index.php?rest_route=\/wp\/v2\/pages\/180\/revisions"}],"predecessor-version":[{"id":227,"href":"https:\/\/electricidadseal.com\/index.php?rest_route=\/wp\/v2\/pages\/180\/revisions\/227"}],"wp:attachment":[{"href":"https:\/\/electricidadseal.com\/index.php?rest_route=%2Fwp%2Fv2%2Fmedia&parent=180"}],"curies":[{"name":"wp","href":"https:\/\/api.w.org\/{rel}","templated":true}]}}