{"id":2,"date":"2022-05-11T06:58:15","date_gmt":"2022-05-11T06:58:15","guid":{"rendered":"https:\/\/electricidadseal.com\/?page_id=2"},"modified":"2025-03-31T07:01:09","modified_gmt":"2025-03-31T07:01:09","slug":"sample-page","status":"publish","type":"page","link":"https:\/\/electricidadseal.com\/","title":{"rendered":"Inicio"},"content":{"rendered":"<h2 data-pm-slice=\"1 1 []\">Con Electricidad SEAL, todas tus necesidades el\u00e9ctricas est\u00e1n cubiertas de punta a punta.<\/h2>\n<p>&nbsp;<\/p>\n<h4 data-pm-slice=\"1 1 []\">\ud83d\udd0c Instalaciones El\u00e9ctricas de Todo Tipo Desarrollamos trabajos el\u00e9ctricos desde la ra\u00edz en hogares, empresas y grandes complejos. Desde la instalaci\u00f3n b\u00e1sica hasta los trabajos m\u00e1s complejos.<\/h4>\n<p>&nbsp;<\/p>\n<h4 data-pm-slice=\"1 1 []\">\ud83d\udce1 Telecomunicaciones. Lo llevamos a tus instalaciones de comunicaci\u00f3n con los m\u00e1s avanzados sistemas y tecnolog\u00eda disponible.<\/h4>\n<p>&nbsp;<\/p>\n<h4 data-pm-slice=\"1 1 []\">\u2600\ufe0f Energ\u00eda Solar Fotovoltaica. Instalamos tecnolog\u00eda de punta para maximizar ahorros y ayudar al medio ambiente.<\/h4>\n<p>&nbsp;<\/p>\n<h4 data-pm-slice=\"1 1 []\">\u2699\ufe0f Mantenimientos y Reparaciones. Profesionales especializados en mantenimiento preventivo y correctivo para tu tranquilidad.<\/h4>\n<p>&nbsp;<\/p>\n<h4 data-pm-slice=\"1 1 []\">\ud83d\udca1 LED iluminaci\u00f3n. Instale sistemas de iluminaci\u00f3n de bajo consumo sin tener que preocuparse por la factura de la luz. Es una excelente manera de ahorrar y reducir sus costos de energ\u00eda.<\/h4>\n<p>&nbsp;<\/p>\n<h4 data-pm-slice=\"1 1 []\">\ud83c\udfe2 Soluciones para comunidades y naves industriales. Trabajamos con comunidades y empresas para proporcionar la soluci\u00f3n el\u00e9ctrica m\u00e1s adecuada y necesaria, incluidas instalaciones en naves y comunidades industriales.<\/h4>\n<p>&nbsp;<\/p>\n<h4 data-pm-slice=\"1 1 []\">\ud83d\udcf9 Videoporteros y mecanismos de protecci\u00f3n. Instalaci\u00f3n de videoportero, funci\u00f3n de tel\u00e9fono y protecci\u00f3n asegurada. Ponga en su hogar el proceso de protecci\u00f3n electr\u00f3nico m\u00e1s fiable del mercado para mejorar las perspectivas comerciales.<\/h4>\n<p>&nbsp;<\/p>\n<p>&nbsp;<\/p>\n<h4 data-pm-slice=\"1 1 []\">\ud83d\udd27 M\u00e1s de 30 a\u00f1os en el campo. Hay m\u00e1s de 30 a\u00f1os de experiencia y todos nuestros empleados ofrecen lo mejor para garantizar calidad , fiabilidad<\/h4>\n<p>&nbsp;<\/p>\n<p><img decoding=\"async\" class=\"fullZoomIn\" src=\"https:\/\/wallpapers.com\/images\/hd\/electrician-climbing-post-soqbjcptx0rxkvh5.jpg\" alt=\"https:\/\/wallpapers.com\/images\/hd\/electrician-climbing-post-soqbjcptx0rxkvh5.jpg\" \/><\/p>\n<p>&nbsp;<\/p>\n<p>&nbsp;<\/p>\n<p>&nbsp;<\/p>\n<h1><\/h1>\n<p>&nbsp;<\/p>\n<p>&nbsp;<\/p>\n","protected":false},"excerpt":{"rendered":"<p>Con Electricidad SEAL, todas tus necesidades el\u00e9ctricas est\u00e1n cubiertas de punta a punta. &nbsp; \ud83d\udd0c Instalaciones El\u00e9ctricas de Todo Tipo Desarrollamos trabajos el\u00e9ctricos desde la ra\u00edz en hogares, empresas y grandes complejos. Desde la instalaci\u00f3n b\u00e1sica hasta los trabajos m\u00e1s complejos. &nbsp; \ud83d\udce1 Telecomunicaciones. Lo llevamos a tus instalaciones de comunicaci\u00f3n con los m\u00e1s avanzados [&hellip;]<\/p>\n","protected":false},"author":1,"featured_media":0,"parent":0,"menu_order":0,"comment_status":"closed","ping_status":"open","template":"","meta":{"footnotes":""},"class_list":["post-2","page","type-page","status-publish","hentry"],"_links":{"self":[{"href":"https:\/\/electricidadseal.com\/index.php?rest_route=\/wp\/v2\/pages\/2","targetHints":{"allow":["GET"]}}],"collection":[{"href":"https:\/\/electricidadseal.com\/index.php?rest_route=\/wp\/v2\/pages"}],"about":[{"href":"https:\/\/electricidadseal.com\/index.php?rest_route=\/wp\/v2\/types\/page"}],"author":[{"embeddable":true,"href":"https:\/\/electricidadseal.com\/index.php?rest_route=\/wp\/v2\/users\/1"}],"replies":[{"embeddable":true,"href":"https:\/\/electricidadseal.com\/index.php?rest_route=%2Fwp%2Fv2%2Fcomments&post=2"}],"version-history":[{"count":11,"href":"https:\/\/electricidadseal.com\/index.php?rest_route=\/wp\/v2\/pages\/2\/revisions"}],"predecessor-version":[{"id":200,"href":"https:\/\/electricidadseal.com\/index.php?rest_route=\/wp\/v2\/pages\/2\/revisions\/200"}],"wp:attachment":[{"href":"https:\/\/electricidadseal.com\/index.php?rest_route=%2Fwp%2Fv2%2Fmedia&parent=2"}],"curies":[{"name":"wp","href":"https:\/\/api.w.org\/{rel}","templated":true}]}}