{"id":83,"date":"2022-05-18T06:24:37","date_gmt":"2022-05-18T06:24:37","guid":{"rendered":"https:\/\/electricidadseal.com\/?page_id=83"},"modified":"2025-04-03T11:47:58","modified_gmt":"2025-04-03T11:47:58","slug":"montaje-e-instalacion-de-cuadros-electricos","status":"publish","type":"page","link":"https:\/\/electricidadseal.com\/?page_id=83","title":{"rendered":"Montaje e Instalaci\u00f3n de Cuadros El\u00e9ctricos"},"content":{"rendered":"<div class=\"css-186bnk2 css-lb9cx4-stack css-3sj1cp css-1bjhv8d css-1vznryd css-1soja3n\">\n<div>\n<h2 data-start=\"139\" data-end=\"231\">\u26a1 \u00a1Bienvenidos a nuestro mundo de dise\u00f1o y cableado de cuadros y armarios el\u00e9ctricos! \ud83d\udd27<\/h2>\n<p>&nbsp;<\/p>\n<h4 data-start=\"233\" data-end=\"476\">Con una s\u00f3lida trayectoria en el sector, nos especializamos en <strong data-start=\"296\" data-end=\"347\">crear, fabricar y cablear soluciones el\u00e9ctricas<\/strong> que van desde <strong data-start=\"362\" data-end=\"390\">sistemas de distribuci\u00f3n<\/strong> hasta innovadoras aplicaciones para la <strong data-start=\"430\" data-end=\"475\">automatizaci\u00f3n industrial y agr\u00edcola \ud83c\udf3e\ud83c\udfed<\/strong>.<\/h4>\n<p>&nbsp;<\/p>\n<h4 data-start=\"478\" data-end=\"709\">\ud83d\udd29 Nuestra experiencia t\u00e9cnica, combinada con un firme compromiso con la <strong data-start=\"551\" data-end=\"588\">calidad y la normativa vigente \ud83d\udcd0<\/strong>, nos permite ofrecer soluciones <strong data-start=\"621\" data-end=\"654\">fiables, seguras y eficientes<\/strong>, siempre adaptadas a las necesidades de cada proyecto.<\/h4>\n<h4 data-start=\"711\" data-end=\"780\">Aqu\u00ed te contamos un poco m\u00e1s sobre nuestras \u00e1reas de especializaci\u00f3n:<\/h4>\n<hr class=\"\" data-start=\"782\" data-end=\"785\" \/>\n<h3 class=\"\" data-start=\"787\" data-end=\"830\">\ud83d\udd37 Cuadros el\u00e9ctricos de distribuci\u00f3n<\/h3>\n<p>&nbsp;<\/p>\n<h4 data-start=\"831\" data-end=\"1059\">\ud83d\udd0c Nos encargamos de la <strong data-start=\"855\" data-end=\"906\">integraci\u00f3n y protecci\u00f3n de sistemas el\u00e9ctricos<\/strong> en instalaciones <strong data-start=\"924\" data-end=\"974\">industriales, comerciales y residenciales \ud83c\udfe2\ud83c\udfe0<\/strong>. Optimizamos la <strong data-start=\"991\" data-end=\"1017\">distribuci\u00f3n de cargas<\/strong> y mejoramos la <strong data-start=\"1033\" data-end=\"1058\">gesti\u00f3n energ\u00e9tica \u2699\ufe0f<\/strong>.<\/h4>\n<hr class=\"\" data-start=\"1061\" data-end=\"1064\" \/>\n<h3 class=\"\" data-start=\"1066\" data-end=\"1106\">\ud83d\udd37 Cuadros de protecci\u00f3n de l\u00edneas<\/h3>\n<p>&nbsp;<\/p>\n<h4 data-start=\"1107\" data-end=\"1313\">\ud83d\udee1\ufe0f Dise\u00f1ados para <strong data-start=\"1126\" data-end=\"1160\">proteger las l\u00edneas el\u00e9ctricas<\/strong> frente a <strong data-start=\"1170\" data-end=\"1225\">sobrecargas, cortocircuitos y fallos de aislamiento<\/strong>, garantizando la <strong data-start=\"1243\" data-end=\"1274\">seguridad de la instalaci\u00f3n<\/strong> y la <strong data-start=\"1280\" data-end=\"1312\">continuidad del servicio \ud83d\udd12\u26a1<\/strong>.<\/h4>\n<hr class=\"\" data-start=\"1315\" data-end=\"1318\" \/>\n<h3 class=\"\" data-start=\"1320\" data-end=\"1370\">\ud83d\udd37 Cuadros de control para alumbrado p\u00fablico<\/h3>\n<p>&nbsp;<\/p>\n<h4 data-start=\"1371\" data-end=\"1557\">\ud83d\udca1 Ofrecemos <strong data-start=\"1384\" data-end=\"1411\">soluciones inteligentes<\/strong> para la <strong data-start=\"1420\" data-end=\"1454\">gesti\u00f3n del alumbrado exterior<\/strong>, con posibilidad de integrar <strong data-start=\"1484\" data-end=\"1514\">sistemas de telegesti\u00f3n \ud83c\udf10<\/strong> y <strong data-start=\"1517\" data-end=\"1556\">mejorar la eficiencia energ\u00e9tica \ud83c\udf31<\/strong>.<\/h4>\n<hr class=\"\" data-start=\"1559\" data-end=\"1562\" \/>\n<h3 class=\"\" data-start=\"1564\" data-end=\"1645\">\ud83d\udd37 Cuadros de maniobra y control para explotaciones agrarias e industriales<\/h3>\n<p>&nbsp;<\/p>\n<h4 data-start=\"1646\" data-end=\"1869\">\ud83d\ude9c Automatizamos <strong data-start=\"1663\" data-end=\"1725\">grupos de bombeo, sistemas de riego, control de maquinaria<\/strong> y <strong data-start=\"1728\" data-end=\"1776\">monitorizaci\u00f3n de procesos en tiempo real \ud83d\udcca<\/strong>, adapt\u00e1ndonos a <strong data-start=\"1793\" data-end=\"1815\">entornos exigentes<\/strong> que requieren <strong data-start=\"1830\" data-end=\"1868\">alto rendimiento y fiabilidad \ud83d\udd27\ud83d\udca7<\/strong>.<\/h4>\n<\/div>\n<\/div>\n<div class=\"css-186bnk2 css-lb9cx4-stack css-3sj1cp css-1bjhv8d css-1vznryd css-1soja3n\">\n<hr class=\"css-1py4ui9 css-1qjpw1f\" \/>\n<\/div>\n<p>.<\/p>\n<p><img loading=\"lazy\" decoding=\"async\" class=\"alignnone wp-image-147 size-full\" src=\"https:\/\/electricidadseal.com\/wp-content\/uploads\/2022\/05\/electrician-2755682_1280.webp\" alt=\"\" width=\"1280\" height=\"851\" srcset=\"https:\/\/electricidadseal.com\/wp-content\/uploads\/2022\/05\/electrician-2755682_1280.webp 1280w, https:\/\/electricidadseal.com\/wp-content\/uploads\/2022\/05\/electrician-2755682_1280-300x199.webp 300w, https:\/\/electricidadseal.com\/wp-content\/uploads\/2022\/05\/electrician-2755682_1280-1024x681.webp 1024w, https:\/\/electricidadseal.com\/wp-content\/uploads\/2022\/05\/electrician-2755682_1280-768x511.webp 768w\" sizes=\"auto, (max-width: 1280px) 100vw, 1280px\" \/><\/p>\n","protected":false},"excerpt":{"rendered":"<p>\u26a1 \u00a1Bienvenidos a nuestro mundo de dise\u00f1o y cableado de cuadros y armarios el\u00e9ctricos! \ud83d\udd27 &nbsp; Con una s\u00f3lida trayectoria en el sector, nos especializamos en crear, fabricar y cablear soluciones el\u00e9ctricas que van desde sistemas de distribuci\u00f3n hasta innovadoras aplicaciones para la automatizaci\u00f3n industrial y agr\u00edcola \ud83c\udf3e\ud83c\udfed. &nbsp; \ud83d\udd29 Nuestra experiencia t\u00e9cnica, combinada con [&hellip;]<\/p>\n","protected":false},"author":1,"featured_media":0,"parent":0,"menu_order":0,"comment_status":"closed","ping_status":"closed","template":"","meta":{"footnotes":""},"class_list":["post-83","page","type-page","status-publish","hentry"],"_links":{"self":[{"href":"https:\/\/electricidadseal.com\/index.php?rest_route=\/wp\/v2\/pages\/83","targetHints":{"allow":["GET"]}}],"collection":[{"href":"https:\/\/electricidadseal.com\/index.php?rest_route=\/wp\/v2\/pages"}],"about":[{"href":"https:\/\/electricidadseal.com\/index.php?rest_route=\/wp\/v2\/types\/page"}],"author":[{"embeddable":true,"href":"https:\/\/electricidadseal.com\/index.php?rest_route=\/wp\/v2\/users\/1"}],"replies":[{"embeddable":true,"href":"https:\/\/electricidadseal.com\/index.php?rest_route=%2Fwp%2Fv2%2Fcomments&post=83"}],"version-history":[{"count":6,"href":"https:\/\/electricidadseal.com\/index.php?rest_route=\/wp\/v2\/pages\/83\/revisions"}],"predecessor-version":[{"id":225,"href":"https:\/\/electricidadseal.com\/index.php?rest_route=\/wp\/v2\/pages\/83\/revisions\/225"}],"wp:attachment":[{"href":"https:\/\/electricidadseal.com\/index.php?rest_route=%2Fwp%2Fv2%2Fmedia&parent=83"}],"curies":[{"name":"wp","href":"https:\/\/api.w.org\/{rel}","templated":true}]}}