{"id":86,"date":"2022-05-18T06:25:13","date_gmt":"2022-05-18T06:25:13","guid":{"rendered":"https:\/\/electricidadseal.com\/?page_id=86"},"modified":"2025-04-03T11:47:20","modified_gmt":"2025-04-03T11:47:20","slug":"mantenimiento-a-domicilio","status":"publish","type":"page","link":"https:\/\/electricidadseal.com\/?page_id=86","title":{"rendered":"Mantenimiento a Domicilio"},"content":{"rendered":"<h2>En SEAL, nos enorgullece ser una empresa acreditada que se especializa en el mantenimiento integral de instalaciones en hogares. Nuestro equipo, altamente capacitado, se dedica a crear planes de mantenimiento que se ajustan a tus necesidades espec\u00edficas, asegurando que tus sistemas funcionen de manera \u00f3ptima.<\/h2>\n<p>&nbsp;<\/p>\n<h3>Aqu\u00ed te contamos sobre nuestros servicios:<\/h3>\n<p>&nbsp;<\/p>\n<h3>\ud83d\udd12 Mantenimiento Preventivo<br \/>\nRealizamos revisiones peri\u00f3dicas para prevenir posibles fallos y prolongar la vida \u00fatil de tus instalaciones, garantizando que todo funcione de manera eficiente.<\/h3>\n<p>&nbsp;<\/p>\n<h3>\ud83d\udcc5 Mantenimiento Programado<br \/>\nCreamos un plan de mantenimiento con intervenciones regulares, anticip\u00e1ndonos a cualquier inconveniente y reduciendo al m\u00ednimo los tiempos de inactividad.<\/h3>\n<p>&nbsp;<\/p>\n<h3>\u2699\ufe0f Mantenimiento Correctivo<br \/>\nNos encargamos de resolver aver\u00edas o fallos de forma r\u00e1pida y efectiva, restableciendo el funcionamiento de tus instalaciones con el menor impacto en tu rutina diaria.<\/h3>\n<p>&nbsp;<\/p>\n<p><img decoding=\"async\" class=\"sFlh5c FyHeAf iPVvYb\" src=\"https:\/\/www.divahogar.com\/wp-content\/uploads\/2019\/11\/shutterstock_164852135-e1593077044741.jpg\" alt=\"Servicios instalaci\u00f3n y mantenimiento - Diva Hogar Reparaciones\" aria-hidden=\"false\" \/><\/p>\n<p>&nbsp;<\/p>\n<p>&nbsp;<\/p>\n<p>&nbsp;<\/p>\n<p>&nbsp;<\/p>\n<p>&nbsp;<\/p>\n<p>&nbsp;<\/p>\n<p>&nbsp;<\/p>\n<p>&nbsp;<\/p>\n<p>&nbsp;<\/p>\n","protected":false},"excerpt":{"rendered":"<p>En SEAL, nos enorgullece ser una empresa acreditada que se especializa en el mantenimiento integral de instalaciones en hogares. Nuestro equipo, altamente capacitado, se dedica a crear planes de mantenimiento que se ajustan a tus necesidades espec\u00edficas, asegurando que tus sistemas funcionen de manera \u00f3ptima. &nbsp; Aqu\u00ed te contamos sobre nuestros servicios: &nbsp; \ud83d\udd12 Mantenimiento [&hellip;]<\/p>\n","protected":false},"author":1,"featured_media":0,"parent":0,"menu_order":0,"comment_status":"closed","ping_status":"closed","template":"","meta":{"footnotes":""},"class_list":["post-86","page","type-page","status-publish","hentry"],"_links":{"self":[{"href":"https:\/\/electricidadseal.com\/index.php?rest_route=\/wp\/v2\/pages\/86","targetHints":{"allow":["GET"]}}],"collection":[{"href":"https:\/\/electricidadseal.com\/index.php?rest_route=\/wp\/v2\/pages"}],"about":[{"href":"https:\/\/electricidadseal.com\/index.php?rest_route=\/wp\/v2\/types\/page"}],"author":[{"embeddable":true,"href":"https:\/\/electricidadseal.com\/index.php?rest_route=\/wp\/v2\/users\/1"}],"replies":[{"embeddable":true,"href":"https:\/\/electricidadseal.com\/index.php?rest_route=%2Fwp%2Fv2%2Fcomments&post=86"}],"version-history":[{"count":8,"href":"https:\/\/electricidadseal.com\/index.php?rest_route=\/wp\/v2\/pages\/86\/revisions"}],"predecessor-version":[{"id":224,"href":"https:\/\/electricidadseal.com\/index.php?rest_route=\/wp\/v2\/pages\/86\/revisions\/224"}],"wp:attachment":[{"href":"https:\/\/electricidadseal.com\/index.php?rest_route=%2Fwp%2Fv2%2Fmedia&parent=86"}],"curies":[{"name":"wp","href":"https:\/\/api.w.org\/{rel}","templated":true}]}}