{"id":89,"date":"2022-05-18T06:25:42","date_gmt":"2022-05-18T06:25:42","guid":{"rendered":"https:\/\/electricidadseal.com\/?page_id=89"},"modified":"2025-04-03T11:48:52","modified_gmt":"2025-04-03T11:48:52","slug":"sistemas-de-videovigilancia","status":"publish","type":"page","link":"https:\/\/electricidadseal.com\/?page_id=89","title":{"rendered":"Sistemas de Videovigilancia"},"content":{"rendered":"<h3>\ud83d\udd12 Seguridad Avanzada para tu Paz Mental<\/h3>\n<p>&nbsp;<\/p>\n<h4>En nuestro equipo, nos dedicamos a ofrecerte soluciones de videovigilancia de \u00faltima generaci\u00f3n. Nos tomamos el tiempo de seleccionar y adaptar las c\u00e1maras m\u00e1s adecuadas para cada tipo de instalaci\u00f3n, ya sea en oficinas, almacenes, edificios o cualquier otro espacio. La cantidad y el tipo de c\u00e1maras que elijamos depender\u00e1n de las caracter\u00edsticas \u00fanicas de tu propiedad, asegurando una cobertura completa y eficiente.<\/h4>\n<p>&nbsp;<\/p>\n<h3>\ud83d\udc68\u200d\ud83d\udcbb Asesoramiento Personalizado<\/h3>\n<p>&nbsp;<\/p>\n<h4>Nuestro compromiso es ofrecerte un asesoramiento experto para que elijas la mejor opci\u00f3n de seguridad para ti, acompa\u00f1\u00e1ndote en cada paso del proceso.<\/h4>\n<p>&nbsp;<\/p>\n<h3>\u2699\ufe0f Instalaci\u00f3n de Calidad y Seguridad<\/h3>\n<p>&nbsp;<\/p>\n<h4>Nos encargamos de realizar cada instalaci\u00f3n con la m\u00e1xima profesionalidad y precisi\u00f3n, garantizando que tus sistemas de vigilancia funcionen a la perfecci\u00f3n, para brindarte tranquilidad y protecci\u00f3n total en todo momento.<\/h4>\n<p>&nbsp;<\/p>\n<p><img loading=\"lazy\" decoding=\"async\" class=\"sFlh5c FyHeAf iPVvYb\" src=\"https:\/\/www.segurilatam.com\/wp-content\/uploads\/sites\/5\/2022\/08\/camara-videovigilancia-tipo-domo.jpg\" alt=\"Qu\u00e9 es un sistema de videovigilancia y c\u00f3mo funciona? - Segurilatam\" width=\"486\" height=\"324\" aria-hidden=\"false\" \/><\/p>\n<p>&nbsp;<\/p>\n","protected":false},"excerpt":{"rendered":"<p>\ud83d\udd12 Seguridad Avanzada para tu Paz Mental &nbsp; En nuestro equipo, nos dedicamos a ofrecerte soluciones de videovigilancia de \u00faltima generaci\u00f3n. Nos tomamos el tiempo de seleccionar y adaptar las c\u00e1maras m\u00e1s adecuadas para cada tipo de instalaci\u00f3n, ya sea en oficinas, almacenes, edificios o cualquier otro espacio. La cantidad y el tipo de c\u00e1maras [&hellip;]<\/p>\n","protected":false},"author":1,"featured_media":0,"parent":0,"menu_order":0,"comment_status":"closed","ping_status":"closed","template":"","meta":{"footnotes":""},"class_list":["post-89","page","type-page","status-publish","hentry"],"_links":{"self":[{"href":"https:\/\/electricidadseal.com\/index.php?rest_route=\/wp\/v2\/pages\/89","targetHints":{"allow":["GET"]}}],"collection":[{"href":"https:\/\/electricidadseal.com\/index.php?rest_route=\/wp\/v2\/pages"}],"about":[{"href":"https:\/\/electricidadseal.com\/index.php?rest_route=\/wp\/v2\/types\/page"}],"author":[{"embeddable":true,"href":"https:\/\/electricidadseal.com\/index.php?rest_route=\/wp\/v2\/users\/1"}],"replies":[{"embeddable":true,"href":"https:\/\/electricidadseal.com\/index.php?rest_route=%2Fwp%2Fv2%2Fcomments&post=89"}],"version-history":[{"count":6,"href":"https:\/\/electricidadseal.com\/index.php?rest_route=\/wp\/v2\/pages\/89\/revisions"}],"predecessor-version":[{"id":226,"href":"https:\/\/electricidadseal.com\/index.php?rest_route=\/wp\/v2\/pages\/89\/revisions\/226"}],"wp:attachment":[{"href":"https:\/\/electricidadseal.com\/index.php?rest_route=%2Fwp%2Fv2%2Fmedia&parent=89"}],"curies":[{"name":"wp","href":"https:\/\/api.w.org\/{rel}","templated":true}]}}